{"id":280,"date":"2017-05-05T15:22:05","date_gmt":"2017-05-05T15:22:05","guid":{"rendered":"https:\/\/demo.brothersthemes.com\/comrepair\/?page_id=280"},"modified":"2025-01-30T21:14:35","modified_gmt":"2025-01-30T19:14:35","slug":"contacts-3","status":"publish","type":"page","link":"https:\/\/rikvest.hu\/index.php\/contacts-3\/","title":{"rendered":"Kapcsolat"},"content":{"rendered":"<section class=\"wpb-content-wrapper\"><p>[vc_row][vc_column][vc_empty_space height=&#8221;50 px&#8221;][\/vc_column][\/vc_row][vc_row][vc_column width=&#8221;1\/3&#8243;][comrepair_feature_box icon_font=&#8221;linecons&#8221; icon_linecons=&#8221;vc_li vc_li-location&#8221;]<\/p>\n<h4 class=\"font-weight-normal\">C\u00edm<\/h4>\n<p>1148 Budapest<br \/>\nNagy Lajos kir\u00e1ly \u00fatja 24[\/comrepair_feature_box][\/vc_column][vc_column width=&#8221;1\/3&#8243;][comrepair_feature_box icon_font=&#8221;linecons&#8221; icon_linecons=&#8221;vc_li vc_li-mail&#8221;]<\/p>\n<h4 class=\"font-weight-normal\">Email<\/h4>\n<p><a href=\"mailto:info@rikvest.hu\" target=\"_blank\" rel=\"noopener\">info@rikvest.hu<\/a>[\/comrepair_feature_box][\/vc_column][vc_column width=&#8221;1\/3&#8243;][comrepair_feature_box icon_font=&#8221;linecons&#8221; icon_linecons=&#8221;vc_li vc_li-phone&#8221;]<\/p>\n<h4 class=\"font-weight-normal\">Telefon<\/h4>\n<p><a href=\"tel:+36 1 273 2000\">+36 1 273 2000<\/a><br \/>\n<a href=\"tel:+36 30 347 5657\">Acer: +36 30 347 5657<\/a>[\/comrepair_feature_box][\/vc_column][\/vc_row][vc_row full_width=&#8221;stretch_row&#8221; css=&#8221;.vc_custom_1737987533321{margin-bottom: 0px !important;padding-bottom: 0px !important;background-color: #ffffff !important;}&#8221;][vc_column css=&#8221;.vc_custom_1737987585669{background-color: #ffffff !important;}&#8221;][vc_separator border_width=&#8221;2&#8243; el_width=&#8221;60&#8243;][\/vc_column][\/vc_row][vc_row][vc_column width=&#8221;1\/2&#8243;][vc_gmaps link=&#8221;#E-8_JTNDaWZyYW1lJTIwc3JjJTNEJTIyaHR0cHMlM0ElMkYlMkZ3d3cuZ29vZ2xlLmNvbSUyRm1hcHMlMkZlbWJlZCUzRnBiJTNEJTIxMW0xOCUyMTFtMTIlMjExbTMlMjExZDgwMS4yNjU1MDk2NzA0NTU4JTIxMmQxOS4xMzE1NTgyNzMyODQ4NCUyMTNkNDcuNTA2OTUzMzMxMTMwNzQlMjEybTMlMjExZjAlMjEyZjAlMjEzZjAlMjEzbTIlMjExaTEwMjQlMjEyaTc2OCUyMTRmMTMuMSUyMTNtMyUyMTFtMiUyMTFzMHg0NzQxZGI1NzhmZDlkMzM3JTI1M0EweGMyNzg0ZTczODQ4ZDdhNWUlMjEyc0J1ZGFwZXN0JTI1MkMlMjUyME5hZ3klMjUyMExham9zJTI1MjBraXIlMjVDMyUyNUExbHklMjUyMCUyNUMzJTI1QkF0amElMjUyMDI0JTI1MkMlMjUyMDExNDglMjE1ZTAlMjEzbTIlMjExc2h1JTIxMnNodSUyMTR2MTczMzc1MTE2MDE0OSUyMTVtMiUyMTFzaHUlMjEyc2h1JTIyJTIwd2lkdGglM0QlMjI2MDAlMjIlMjBoZWlnaHQlM0QlMjI0NTAlMjIlMjBzdHlsZSUzRCUyMmJvcmRlciUzQTAlM0IlMjIlMjBhbGxvd2Z1bGxzY3JlZW4lM0QlMjIlMjIlMjBsb2FkaW5nJTNEJTIybGF6eSUyMiUyMHJlZmVycmVycG9saWN5JTNEJTIybm8tcmVmZXJyZXItd2hlbi1kb3duZ3JhZGUlMjIlM0UlM0MlMkZpZnJhbWUlM0U=&#8221; size=&#8221;600 px&#8221; css_animation=&#8221;appear&#8221;][\/vc_column][vc_column width=&#8221;1\/2&#8243;]\n<div class=\"wpcf7 no-js\" id=\"wpcf7-f205-o1\" lang=\"en-US\" dir=\"ltr\" data-wpcf7-id=\"205\">\n<div class=\"screen-reader-response\"><p role=\"status\" aria-live=\"polite\" aria-atomic=\"true\"><\/p> <ul><\/ul><\/div>\n<form action=\"\/index.php\/wp-json\/wp\/v2\/pages\/280#wpcf7-f205-o1\" method=\"post\" class=\"wpcf7-form init\" aria-label=\"Contact form\" novalidate=\"novalidate\" data-status=\"init\">\n<div style=\"display: none;\">\n<input type=\"hidden\" name=\"_wpcf7\" value=\"205\" \/>\n<input type=\"hidden\" name=\"_wpcf7_version\" value=\"6.0.1\" \/>\n<input type=\"hidden\" name=\"_wpcf7_locale\" value=\"en_US\" \/>\n<input type=\"hidden\" name=\"_wpcf7_unit_tag\" value=\"wpcf7-f205-o1\" \/>\n<input type=\"hidden\" name=\"_wpcf7_container_post\" value=\"0\" \/>\n<input type=\"hidden\" name=\"_wpcf7_posted_data_hash\" value=\"\" \/>\n<input type=\"hidden\" name=\"_wpcf7_recaptcha_response\" value=\"\" \/>\n<\/div>\n<h4 class=\"font-weight-normal text-center\">\u00cdrjon nek\u00fcnk levelet!\n<\/h4>\n<p class=\"form-notes\"><br \/>\nAz email c\u00edm\u00e9t bizalmasan kezelj\u00fck! .<br \/>\nK\u00f6telez\u0151 mez\u0151 jel\u00f6l\u00e9se *\n<\/p>\n<p><label for=\"name-field\">N\u00e9v *<\/label><br \/>\n<span class=\"wpcf7-form-control-wrap\" data-name=\"your-name\"><input size=\"40\" maxlength=\"400\" class=\"wpcf7-form-control wpcf7-text wpcf7-validates-as-required\" id=\"name-field\" aria-required=\"true\" aria-invalid=\"false\" value=\"\" type=\"text\" name=\"your-name\" \/><\/span>\n<\/p>\n<p><label for=\"email-field\">Email *<\/label><br \/>\n<span class=\"wpcf7-form-control-wrap\" data-name=\"your-email\"><input size=\"40\" maxlength=\"400\" class=\"wpcf7-form-control wpcf7-email wpcf7-validates-as-required wpcf7-text wpcf7-validates-as-email\" id=\"email-field\" aria-required=\"true\" aria-invalid=\"false\" value=\"\" type=\"email\" name=\"your-email\" \/><\/span>\n<\/p>\n<p><label for=\"subject-field\">T\u00e1rgy *<\/label><br \/>\n<span class=\"wpcf7-form-control-wrap\" data-name=\"your-subject\"><input size=\"40\" maxlength=\"400\" class=\"wpcf7-form-control wpcf7-text wpcf7-validates-as-required\" id=\"subject-field\" aria-required=\"true\" aria-invalid=\"false\" value=\"\" type=\"text\" name=\"your-subject\" \/><\/span>\n<\/p>\n<p><label for=\"message-field\">\u00dczenet *<\/label><br \/>\n<span class=\"wpcf7-form-control-wrap\" data-name=\"your-message\"><textarea cols=\"40\" rows=\"6\" maxlength=\"2000\" class=\"wpcf7-form-control wpcf7-textarea wpcf7-validates-as-required\" id=\"message-field\" aria-required=\"true\" aria-invalid=\"false\" name=\"your-message\"><\/textarea><\/span>\n<\/p>\n<p><input class=\"wpcf7-form-control wpcf7-submit has-spinner btn btn-transparent\" type=\"submit\" value=\"K\u00fcld\u00e9s\" \/>\n<\/p><div class=\"wpcf7-response-output\" aria-hidden=\"true\"><\/div>\n<\/form>\n<\/div>\n[\/vc_column][\/vc_row]<\/p>\n<\/section>","protected":false},"excerpt":{"rendered":"<p>[vc_row][vc_column][vc_empty_space height=&#8221;50 px&#8221;][\/vc_column][\/vc_row][vc_row][vc_column width=&#8221;1\/3&#8243;][comrepair_feature_box icon_font=&#8221;linecons&#8221; icon_linecons=&#8221;vc_li vc_li-location&#8221;] C\u00edm 1148 Budapest Nagy Lajos kir\u00e1ly \u00fatja 24[\/comrepair_feature_box][\/vc_column][vc_column width=&#8221;1\/3&#8243;][comrepair_feature_box icon_font=&#8221;linecons&#8221; icon_linecons=&#8221;vc_li vc_li-mail&#8221;] Email info@rikvest.hu[\/comrepair_feature_box][\/vc_column][vc_column width=&#8221;1\/3&#8243;][comrepair_feature_box icon_font=&#8221;linecons&#8221; icon_linecons=&#8221;vc_li vc_li-phone&#8221;] Telefon +36 1 273 2000 Acer: +36 30 347 5657[\/comrepair_feature_box][\/vc_column][\/vc_row][vc_row full_width=&#8221;stretch_row&#8221; css=&#8221;.vc_custom_1737987533321{margin-bottom: 0px !important;padding-bottom: 0px !important;background-color: #ffffff !important;}&#8221;][vc_column css=&#8221;.vc_custom_1737987585669{background-color: #ffffff !important;}&#8221;][vc_separator border_width=&#8221;2&#8243; el_width=&#8221;60&#8243;][\/vc_column][\/vc_row][vc_row][vc_column width=&#8221;1\/2&#8243;][vc_gmaps link=&#8221;#E-8_JTNDaWZyYW1lJTIwc3JjJTNEJTIyaHR0cHMlM0ElMkYlMkZ3d3cuZ29vZ2xlLmNvbSUyRm1hcHMlMkZlbWJlZCUzRnBiJTNEJTIxMW0xOCUyMTFtMTIlMjExbTMlMjExZDgwMS4yNjU1MDk2NzA0NTU4JTIxMmQxOS4xMzE1NTgyNzMyODQ4NCUyMTNkNDcuNTA2OTUzMzMxMTMwNzQlMjEybTMlMjExZjAlMjEyZjAlMjEzZjAlMjEzbTIlMjExaTEwMjQlMjEyaTc2OCUyMTRmMTMuMSUyMTNtMyUyMTFtMiUyMTFzMHg0NzQxZGI1NzhmZDlkMzM3JTI1M0EweGMyNzg0ZTczODQ4ZDdhNWUlMjEyc0J1ZGFwZXN0JTI1MkMlMjUyME5hZ3klMjUyMExham9zJTI1MjBraXIlMjVDMyUyNUExbHklMjUyMCUyNUMzJTI1QkF0amElMjUyMDI0JTI1MkMlMjUyMDExNDglMjE1ZTAlMjEzbTIlMjExc2h1JTIxMnNodSUyMTR2MTczMzc1MTE2MDE0OSUyMTVtMiUyMTFzaHUlMjEyc2h1JTIyJTIwd2lkdGglM0QlMjI2MDAlMjIlMjBoZWlnaHQlM0QlMjI0NTAlMjIlMjBzdHlsZSUzRCUyMmJvcmRlciUzQTAlM0IlMjIlMjBhbGxvd2Z1bGxzY3JlZW4lM0QlMjIlMjIlMjBsb2FkaW5nJTNEJTIybGF6eSUyMiUyMHJlZmVycmVycG9saWN5JTNEJTIybm8tcmVmZXJyZXItd2hlbi1kb3duZ3JhZGUlMjIlM0UlM0MlMkZpZnJhbWUlM0U=&#8221; size=&#8221;600 px&#8221; css_animation=&#8221;appear&#8221;][\/vc_column][vc_column width=&#8221;1\/2&#8243;][\/vc_column][\/vc_row]<\/p>\n","protected":false},"author":1,"featured_media":0,"parent":0,"menu_order":0,"comment_status":"closed","ping_status":"closed","template":"","meta":{"om_disable_all_campaigns":false,"_monsterinsights_skip_tracking":false,"_monsterinsights_sitenote_active":false,"_monsterinsights_sitenote_note":"","_monsterinsights_sitenote_category":0,"footnotes":""},"class_list":["post-280","page","type-page","status-publish","hentry"],"aioseo_notices":[],"_links":{"self":[{"href":"https:\/\/rikvest.hu\/index.php\/wp-json\/wp\/v2\/pages\/280","targetHints":{"allow":["GET"]}}],"collection":[{"href":"https:\/\/rikvest.hu\/index.php\/wp-json\/wp\/v2\/pages"}],"about":[{"href":"https:\/\/rikvest.hu\/index.php\/wp-json\/wp\/v2\/types\/page"}],"author":[{"embeddable":true,"href":"https:\/\/rikvest.hu\/index.php\/wp-json\/wp\/v2\/users\/1"}],"replies":[{"embeddable":true,"href":"https:\/\/rikvest.hu\/index.php\/wp-json\/wp\/v2\/comments?post=280"}],"version-history":[{"count":19,"href":"https:\/\/rikvest.hu\/index.php\/wp-json\/wp\/v2\/pages\/280\/revisions"}],"predecessor-version":[{"id":2248,"href":"https:\/\/rikvest.hu\/index.php\/wp-json\/wp\/v2\/pages\/280\/revisions\/2248"}],"wp:attachment":[{"href":"https:\/\/rikvest.hu\/index.php\/wp-json\/wp\/v2\/media?parent=280"}],"curies":[{"name":"wp","href":"https:\/\/api.w.org\/{rel}","templated":true}]}}