{"id":1961,"date":"2025-01-08T15:10:23","date_gmt":"2025-01-08T13:10:23","guid":{"rendered":"https:\/\/rikvest.hu\/?page_id=1961"},"modified":"2025-01-08T15:15:43","modified_gmt":"2025-01-08T13:15:43","slug":"aszf","status":"publish","type":"page","link":"https:\/\/rikvest.hu\/index.php\/aszf\/","title":{"rendered":"\u00c1SZF"},"content":{"rendered":"<section class=\"wpb-content-wrapper\"><p>[vc_row][vc_column][vc_column_text]Az elektronikus rendszer\u0171 g\u00e9pi adatfeldolgoz\u00f3 k\u00e9sz\u00fcl\u00e9kek \u00e9s tartoz\u00e9kaik (term\u00e9kek) szerz\u0151d\u00e9sen alapul\u00f3 karbantart\u00e1si, jav\u00edt\u00e1si \u00e9s logisztikai szolg\u00e1ltat\u00e1sait (szervizszolg\u00e1ltat\u00e1s) a Rikvest Kft. Szerviz munkat\u00e1rsai az al\u00e1bbi felt\u00e9telek szerint teljes\u00edtik.<\/p>\n<p><strong>1. Szervizszolg\u00e1ltat\u00e1s<\/strong><\/p>\n<p>A karbantart\u00e1si \u00e9s jav\u00edt\u00e1si munk\u00e1latok a szerz\u0151d\u00e9s rendelkez\u00e9seinek megfelel\u0151en a Rikvest Kft. szerviz\u00e9ben az \u00fcgyf\u00e9ln\u00e9l illetve a berendez\u00e9s install\u00e1l\u00e1si hely\u00e9n teljes\u00edthet\u0151k. Logisztikai szolg\u00e1ltat\u00e1s eset\u00e9n Rikvest Kft. az \u00fcgyf\u00e9l nev\u00e9ben j\u00e1r el a feljogos\u00edtott szervizben.<\/p>\n<p>A munka befejez\u00e9se ut\u00e1n az id\u0151- \u00e9s az anyagfelhaszn\u00e1l\u00e1st \u00edr\u00e1sban igazolja a megrendel\u0151. Az elsz\u00e1mol\u00e1s alapja az \u00fcgyf\u00e9lnek a fentiek \u00e9s a szervizszolg\u00e1ltat\u00e1s megfelel\u0151 m\u00f3don t\u00f6rt\u00e9nt elv\u00e9gz\u00e9s\u00e9t is igazol\u00f3 al\u00e1\u00edr\u00e1sa (\u00e1tv\u00e9tel).<\/p>\n<p>A k\u00f6lts\u00e9gvet\u00e9s az id\u0151- \u00e9s anyagfelhaszn\u00e1l\u00e1son alapszik. K\u00f6lts\u00e9gt\u00fall\u00e9p\u00e9s eset\u00e9n a Rikvest Kft. t\u00e1j\u00e9koztatja \u00fcgyfel\u00e9t \u00e9s az ezt elfogad\u00f3 \u00fajabb megb\u00edz\u00e1sig a munk\u00e1t felf\u00fcggeszti. Egy\u00e9b meghib\u00e1sod\u00e1sok meg\u00e1llap\u00edt\u00e1sa a Rikvest Kft. hat\u00e1sk\u00f6re.<\/p>\n<p><strong>2. Az \u00fcgyf\u00e9l k\u00f6telezetts\u00e9gei<\/strong><\/p>\n<p>Az \u00fcgyf\u00e9l k\u00f6teles a berendez\u00e9seket fokozott gondoss\u00e1ggal \u00fczemeltetni, a hib\u00e1t felmer\u00fcl\u00e9skor halad\u00e9ktalanul bejelenteni, a berendez\u00e9sek adatb\u00e1zis ment\u00e9s\u00e9t \u00e9s meg\u0151rz\u00e9s\u00e9t folyamatosan biztos\u00edtani, a szervizszolg\u00e1ltat\u00e1s sor\u00e1n a Rikvest Kft-vel egy\u00fcttm\u0171k\u00f6dni. Aj\u00e1nlatos, hogy a megrendel\u0151 a k\u00e9sz\u00fcl\u00e9ket eredeti csomagol\u00e1sban sz\u00e1ll\u00edtsa be.<\/p>\n<p><strong>3. Elsz\u00e1mol\u00e1s<\/strong><\/p>\n<p>A munkav\u00e9gz\u00e9s az anyagszolg\u00e1ltat\u00e1s \u00e9s az utaz\u00e1si k\u00f6lts\u00e9gek v\u00e9gelsz\u00e1mol\u00e1sa a mindenkor \u00e9rv\u00e9nyes Rikvest Kft. \u00e1rak+\u00e1fa alapj\u00e1n t\u00f6rt\u00e9nik. A legkisebb felsz\u00e1m\u00edthat\u00f3 egys\u00e9g f\u00e9l \u00f3ra. A szolg\u00e1ltat\u00e1si id\u0151szakon munkanapokon 8-17 \u00f3r\u00e1ig k\u00edv\u00fcl es\u0151 munka p\u00f3td\u00edjk\u00f6teles.<\/p>\n<p>Rikvest Kft. jogosult a szerviz szolg\u00e1ltat\u00e1s\u00e1t k\u00f6vet\u0151, de az \u00fcgyf\u00e9l \u00e9rdekk\u00f6r\u00e9ben felmer\u00fcl\u0151 okb\u00f3l meghi\u00fasult k\u00e9szrejelent\u00e9st ut\u00e1n 3 munkanap eltelt\u00e9vel naponk\u00e9nti t\u00e1rol\u00e1si d\u00edjat felsz\u00e1m\u00edtani, illetve 3 h\u00f3nap eltelt\u00e9vel az \u00e1t nem vett berendez\u00e9seket \u00e9rt\u00e9kes\u00edteni. Az \u00edgy befolyt \u00f6sszegre az \u00fcgyf\u00e9l semminem\u0171 ig\u00e9nyt nem t\u00e1maszthat.<\/p>\n<p><strong>4. Fizet\u00e9si felt\u00e9telek<\/strong><\/p>\n<p>A sz\u00e1mla\u00f6sszes\u00edt\u00e9s az elsz\u00e1mol\u00e1s napj\u00e1t\u00f3l sz\u00e1m\u00edtott 10 napon bel\u00fcl esed\u00e9kes. Ellenk\u00f6vetel\u00e9s besz\u00e1m\u00edt\u00e1sa csak abban az esetben lehets\u00e9ges, ha azt a Rikvest Kft. \u00edr\u00e1sban kifejezetten elismerte, vagy b\u00edr\u00f3s\u00e1g joger\u0151sen meg\u00e1llap\u00edtotta. A fizet\u00e9s akkor tekinthet\u0151 jogszer\u0171nek, ha a Rikvest Kft. vagy annak sz\u00e1mlavezet\u0151 p\u00e9nzint\u00e9zete r\u00e9sz\u00e9re t\u00f6rt\u00e9nt.<\/p>\n<p>Fizet\u00e9si k\u00e9sedelem eset\u00e9n a Rikvest Kft. a hat\u00e1lyos jogszab\u00e1lyok szerint jogosult a Magyar Nemzeti Bank \u00e1ltal meghirdetett mindenkori jegybanki alapkamat k\u00e9tszeres\u00e9t k\u00e9sedelmi kamatk\u00e9nt felsz\u00e1molni.<\/p>\n<p>Amennyiben a szerz\u0151d\u00e9s teljes lebonyol\u00edt\u00e1s\u00e1t megel\u0151z\u0151en a Rikvest Kft. a vev\u0151 kedvez\u0151tlen anyagi helyzet\u00e9re utal\u00f3 k\u00f6r\u00fclm\u00e9nyt \u00e9szlel, \u00fagy biztos\u00edt\u00e9kot k\u00e9rhet, illetve a m\u00e1r elv\u00e9gzett munka elsz\u00e1mol\u00e1sa mellett a szerz\u0151d\u00e9st\u0151l el\u00e1llhat<\/p>\n<p><strong>5. Szavatoss\u00e1g<\/strong><\/p>\n<p>Amennyiben a Rikvest Kft. \u00e1ltal jav\u00edtott vagy szervizelt term\u00e9k a szavatoss\u00e1gi id\u0151n bel\u00fcl meghib\u00e1sodik \u00e9s a hib\u00e1t hi\u00e1nyos szervizszolg\u00e1ltat\u00e1s vagy be\u00e9p\u00edt\u00e9s sor\u00e1n bek\u00f6vetkezett anyaghiba \u00e9s\/vagy el\u0151\u00e1ll\u00edt\u00e1si hiba okozta, \u00fagy a hib\u00e1t a Rikvest Kft. kik\u00fcsz\u00f6b\u00f6li.<\/p>\n<p>E hibajav\u00edt\u00e1s k\u00f6lts\u00e9gsz\u00e1m\u00edt\u00e1s n\u00e9lk\u00fcl t\u00f6rt\u00e9nik, kiv\u00e9ve az utaz\u00e1si\/kisz\u00e1ll\u00e1si k\u00f6lts\u00e9get. A Rikvest Kft. d\u00f6nt arr\u00f3l, hogy jav\u00edt\u00e1si munk\u00e1t v\u00e9gez vagy alkatr\u00e9szt cser\u00e9l a meghib\u00e1sod\u00e1s megsz\u00fcntet\u00e9s\u00e9re.<\/p>\n<p>A szavatoss\u00e1gi hat\u00e1rid\u0151 kezdete a szolg\u00e1ltat\u00e1s \u00e1tv\u00e9tele (l\u00e1sd 1. pont), lej\u00e1rta 30 nap.<\/p>\n<p>Megsz\u0171nik a szavatoss\u00e1g, ha a megjav\u00edtott, kicser\u00e9lt term\u00e9kr\u00e9szeket a Rikvest Kft. hozz\u00e1j\u00e1rul\u00e1sa n\u00e9lk\u00fcl megmunk\u00e1lj\u00e1k, \u00e1talak\u00edtj\u00e1k vagy a fell\u00e9p\u0151 hiba szakszer\u0171tlen kezel\u00e9s, rendeltet\u00e9sellenes haszn\u00e1lat, t\u00falzott ig\u00e9nybev\u00e9tel, elemi csap\u00e1s eredm\u00e9nye.<\/p>\n<p>Ha a hibaelh\u00e1r\u00edt\u00e1s nem j\u00e1r eredm\u00e9nnyel, az \u00fcgyf\u00e9l munkad\u00edjlesz\u00e1ll\u00edt\u00e1st k\u00e9rhet vagy el\u00e1llhat a szerz\u0151d\u00e9st\u0151l.<\/p>\n<p><strong>6. Tulajdonjog fenntart\u00e1sa<\/strong><\/p>\n<p>A szervizszolg\u00e1ltat\u00e1s keret\u00e9ben be\u00e9p\u00edtett alkatr\u00e9szek \u00e9s\/vagy berendez\u00e9sek az ellen\u00e9rt\u00e9k teljes kiegyenl\u00edt\u00e9s\u00e9ig a Rikvest Kft. tulajdon\u00e1ban maradnak. A p\u00f3tolt r\u00e9szek egy\u00e9b meg\u00e1llapod\u00e1s hi\u00e1ny\u00e1ban t\u00e9r\u00edt\u00e9smentesen a Rikvest Kft. tulajdon\u00e1ba ker\u00fclnek.<\/p>\n<p><strong>7. Felel\u0151ss\u00e9g<\/strong><\/p>\n<p>A Rikvest Kft. felel\u0151ss\u00e9ge \u00fcgyf\u00e9llel \u00e9s harmadik szem\u00e9lyekkel szemben k\u00f6zvetett \u00e9s\/vagy k\u00f6vetkezm\u00e9nyk\u00e1rok\u00e9rt minden esetben kiz\u00e1rt.<\/p>\n<p><strong>8. Vis major<\/strong><\/p>\n<p>A Rikvest Kft. nem felel olyan k\u00e9sedelem\u00e9rt vagy egy\u00e9b szerz\u0151d\u00e9sszeg\u00e9s\u00e9rt, mely rajta k\u00edv\u00fcl \u00e1ll\u00f3 okok vagy vis major k\u00f6vetkezm\u00e9nye. Vis major eset\u00e9n a Rikvest Kft. \u00e1ltal v\u00e1llalt teljes\u00edt\u00e9si hat\u00e1rid\u0151 meghosszabbodik a vis major esem\u00e9ny id\u0151tartam\u00e1val.<\/p>\n<p><strong>9. \u00c1ltal\u00e1nos rendelkez\u00e9sek<\/strong><\/p>\n<p>E meg\u00e1llapod\u00e1s egyes rendelkez\u00e9seinek \u00e9rv\u00e9nytelens\u00e9ge nem \u00e9rinti a szerz\u0151d\u00e9s egy\u00e9b rendelkez\u00e9seit. \u00dcgyf\u00e9l nem jogosult a szerz\u0151d\u00e9sb\u0151l vagy annak valamely kieg\u00e9sz\u00edt\u00e9s\u00e9b\u0151l sz\u00e1rmaz\u00f3 \u00f6sszes vagy egyes jogair\u00f3l a Rikvest Kft. el\u0151zetes \u00edr\u00e1sbeli hozz\u00e1j\u00e1rul\u00e1sa n\u00e9lk\u00fcl harmadik szem\u00e9ly jav\u00e1ra lemondani vagy azokat b\u00e1rmely m\u00f3don \u00e1truh\u00e1zni.<\/p>\n<p>E szerz\u0151d\u00e9s m\u00f3dos\u00edt\u00e1sa vagy kieg\u00e9sz\u00edt\u00e9se csak \u00edr\u00e1sban \u00e9rv\u00e9nyes.<\/p>\n<p><strong>10. Jogvit\u00e1k<\/strong><\/p>\n<p>E szerz\u0151d\u00e9si felt\u00e9telekb\u0151l illetve megs\u00e9rt\u00e9s\u00fckb\u0151l sz\u00e1rmaz\u00f3 b\u00e1rmely jogvita eset\u00e9n a magyar jogot els\u0151dlegesen a Polg\u00e1ri t\u00f6rv\u00e9nyk\u00f6nyv rendelkez\u00e9seit kell alkalmazni. Elj\u00e1r\u00f3 f\u00f3rumk\u00e9nt felek a Pesti K\u00f6zponti Ker\u00fcleti B\u00edr\u00f3s\u00e1g kiz\u00e1r\u00f3lagos illet\u00e9kess\u00e9g\u00e9t k\u00f6tik ki.[\/vc_column_text][\/vc_column][\/vc_row]<\/p>\n<\/section>","protected":false},"excerpt":{"rendered":"<p>[vc_row][vc_column][vc_column_text]Az elektronikus rendszer\u0171 g\u00e9pi adatfeldolgoz\u00f3 k\u00e9sz\u00fcl\u00e9kek \u00e9s tartoz\u00e9kaik (term\u00e9kek) szerz\u0151d\u00e9sen alapul\u00f3 karbantart\u00e1si, jav\u00edt\u00e1si \u00e9s logisztikai szolg\u00e1ltat\u00e1sait (szervizszolg\u00e1ltat\u00e1s) a Rikvest Kft. Szerviz munkat\u00e1rsai az al\u00e1bbi felt\u00e9telek szerint teljes\u00edtik. 1. Szervizszolg\u00e1ltat\u00e1s A karbantart\u00e1si \u00e9s jav\u00edt\u00e1si munk\u00e1latok a szerz\u0151d\u00e9s rendelkez\u00e9seinek megfelel\u0151en a Rikvest Kft. szerviz\u00e9ben az \u00fcgyf\u00e9ln\u00e9l illetve a berendez\u00e9s install\u00e1l\u00e1si hely\u00e9n teljes\u00edthet\u0151k. Logisztikai szolg\u00e1ltat\u00e1s eset\u00e9n Rikvest Kft. [&hellip;]<\/p>\n","protected":false},"author":1,"featured_media":0,"parent":0,"menu_order":0,"comment_status":"closed","ping_status":"closed","template":"","meta":{"om_disable_all_campaigns":false,"_monsterinsights_skip_tracking":false,"_monsterinsights_sitenote_active":false,"_monsterinsights_sitenote_note":"","_monsterinsights_sitenote_category":0,"footnotes":""},"class_list":["post-1961","page","type-page","status-publish","hentry"],"aioseo_notices":[],"_links":{"self":[{"href":"https:\/\/rikvest.hu\/index.php\/wp-json\/wp\/v2\/pages\/1961","targetHints":{"allow":["GET"]}}],"collection":[{"href":"https:\/\/rikvest.hu\/index.php\/wp-json\/wp\/v2\/pages"}],"about":[{"href":"https:\/\/rikvest.hu\/index.php\/wp-json\/wp\/v2\/types\/page"}],"author":[{"embeddable":true,"href":"https:\/\/rikvest.hu\/index.php\/wp-json\/wp\/v2\/users\/1"}],"replies":[{"embeddable":true,"href":"https:\/\/rikvest.hu\/index.php\/wp-json\/wp\/v2\/comments?post=1961"}],"version-history":[{"count":4,"href":"https:\/\/rikvest.hu\/index.php\/wp-json\/wp\/v2\/pages\/1961\/revisions"}],"predecessor-version":[{"id":1966,"href":"https:\/\/rikvest.hu\/index.php\/wp-json\/wp\/v2\/pages\/1961\/revisions\/1966"}],"wp:attachment":[{"href":"https:\/\/rikvest.hu\/index.php\/wp-json\/wp\/v2\/media?parent=1961"}],"curies":[{"name":"wp","href":"https:\/\/api.w.org\/{rel}","templated":true}]}}