{"id":1887,"date":"2025-01-08T00:02:51","date_gmt":"2025-01-07T22:02:51","guid":{"rendered":"https:\/\/rikvest.hu\/?page_id=1887"},"modified":"2025-01-30T20:49:26","modified_gmt":"2025-01-30T18:49:26","slug":"acer-haztol-hazig-garancia","status":"publish","type":"page","link":"https:\/\/rikvest.hu\/index.php\/acer-haztol-hazig-garancia\/","title":{"rendered":"Acer h\u00e1zt\u00f3l-h\u00e1zig garancia"},"content":{"rendered":"<section class=\"wpb-content-wrapper\"><p>[vc_row][vc_column][vc_column_text]<\/p>\n<h3 style=\"text-align: center;\"><span style=\"color: #83b81a;\"><strong>K\u00f6sz\u00f6nj\u00fck, hogy az Acer term\u00e9k\u00e9t v\u00e1lasztotta!<\/strong><\/span><\/h3>\n<hr \/>\n<p>Az Acer garancia csak a hardverhib\u00e1kra vonatkozik, a szoftverek telep\u00edt\u00e9s\u00e9b\u0151l ad\u00f3d\u00f3 hib\u00e1kra nem terjed ki. Az Acer tov\u00e1bb\u00e1 nem v\u00e1llal felel\u0151ss\u00e9get az adatveszt\u00e9sekb\u0151l sz\u00e1rmaz\u00f3 k\u00e1rok\u00e9rt. Az adatok biztons\u00e1gi ment\u00e9s\u00e9\u00e9rt minden esetben a felhaszn\u00e1l\u00f3 felel\u0151s.<\/p>\n<p>A r\u00e9szletek\u00e9rt k\u00e9rj\u00fck, tanulm\u00e1nyozza \u00e1t a term\u00e9k garanciajegy\u00e9t.<\/p>\n<p><a href=\"https:\/\/www.acer.com\/hu-hu\/support\/warranty\/standard-warranty\" target=\"_blank\" rel=\"noopener\">Garanci\u00e1ra vonatkoz\u00f3 hivatalos inform\u00e1ci\u00f3<\/a><\/p>\n<p><a href=\"https:\/\/www.acer.com\/hu-hu\/support\/warranty\/warranty-expiration-date\" target=\"_blank\" rel=\"noopener\">Garancia lej\u00e1rati d\u00e1tuma<\/a><\/p>\n<p><a class=\"agw-text-decoration-underline agw-link-primary agw-fs-body-l\" href=\"https:\/\/community.acer.com\/en\/kb\/articles\/57\" target=\"_blank\" rel=\"noopener\">Hol tal\u00e1lom a sorozatsz\u00e1mot vagy az SNID azonos\u00edt\u00f3t a sz\u00e1m\u00edt\u00f3g\u00e9pemen?<\/a><\/p>\n<p><strong><a href=\"https:\/\/global-download.acer.com\/SupportFiles\/Files\/SNID\/APP\/SerialNumberDetectionTool.exe\" target=\"_blank\" rel=\"noopener\">Sorozatsz\u00e1m\/SNID kiolvas\u00e1s\u00e1ra szolg\u00e1l\u00f3 program<\/a>\u00a0<\/strong><em>&#8211; let\u00f6lt\u00e9s ut\u00e1n futtatni kell, \u00e9s mindk\u00e9t \u00e9rt\u00e9k eset\u00e9ben a <\/em><strong>m\u00e1sol\u00e1s <\/strong><em>gombra kattintani, majd beilleszteni az adott sz\u00f6vegbeviteli mez\u0151be<\/em><\/p>\n<p>Amennyiben k\u00e9rd\u00e9s mer\u00fcl fel, k\u00e9rem keressen minket az <strong><a href=\"mailto:acer@rikvest.hu\" target=\"_blank\" rel=\"noopener\">acer@rikvest.hu<\/a><\/strong> email cimen, illetve munkaid\u0151ben a <strong><a href=\"tel:+36 30 347 5657\"> +36 30 347 5657<\/a><\/strong> telefonsz\u00e1mon.[\/vc_column_text][\/vc_column][\/vc_row][vc_row][vc_column width=&#8221;2\/6&#8243;][vc_column_text]<\/p>\n<p style=\"text-align: center;\"><strong>A *-gal jel\u00f6lt mez\u0151k kit\u00f6lt\u00e9se k\u00f6telez\u0151!<\/strong><\/p>\n<p>[\/vc_column_text]\n<div class=\"wpcf7 no-js\" id=\"wpcf7-f1886-o1\" lang=\"en-US\" dir=\"ltr\" data-wpcf7-id=\"1886\">\n<div class=\"screen-reader-response\"><p role=\"status\" aria-live=\"polite\" aria-atomic=\"true\"><\/p> <ul><\/ul><\/div>\n<form action=\"\/index.php\/wp-json\/wp\/v2\/pages\/1887#wpcf7-f1886-o1\" method=\"post\" class=\"wpcf7-form init\" aria-label=\"Contact form\" novalidate=\"novalidate\" data-status=\"init\">\n<div style=\"display: none;\">\n<input type=\"hidden\" name=\"_wpcf7\" value=\"1886\" \/>\n<input type=\"hidden\" name=\"_wpcf7_version\" value=\"6.0.1\" \/>\n<input type=\"hidden\" name=\"_wpcf7_locale\" value=\"en_US\" \/>\n<input type=\"hidden\" name=\"_wpcf7_unit_tag\" value=\"wpcf7-f1886-o1\" \/>\n<input type=\"hidden\" name=\"_wpcf7_container_post\" value=\"0\" \/>\n<input type=\"hidden\" name=\"_wpcf7_posted_data_hash\" value=\"\" \/>\n<input type=\"hidden\" name=\"_wpcf7_recaptcha_response\" value=\"\" \/>\n<\/div>\n<p><label> Sorozatsz\u00e1m * (22 karakter) <\/label><br \/>\n<span class=\"wpcf7-form-control-wrap\" data-name=\"sorozatszam\"><input size=\"40\" maxlength=\"22\" minlength=\"22\" class=\"wpcf7-form-control wpcf7-text wpcf7-validates-as-required full-width\" aria-required=\"true\" aria-invalid=\"false\" value=\"\" type=\"text\" name=\"sorozatszam\" \/><\/span>\n<\/p>\n<div class=\"two-fields\">\n\t<p><label> SNID (11 karakter) <\/label><br \/>\n<span class=\"wpcf7-form-control-wrap\" data-name=\"SNID\"><input class=\"wpcf7-form-control wpcf7-number wpcf7-validates-as-number full-width\" step=\"1\" aria-invalid=\"false\" value=\"\" type=\"number\" name=\"SNID\" \/><\/span>\n\t<\/p>\n\t<p><label> V\u00e1s\u00e1rl\u00e1s d\u00e1tuma * <\/label><br \/>\n<span class=\"wpcf7-form-control-wrap\" data-name=\"date\"><input class=\"wpcf7-form-control wpcf7-date wpcf7-validates-as-required wpcf7-validates-as-date full-width\" aria-required=\"true\" aria-invalid=\"false\" value=\"\" type=\"date\" name=\"date\" \/><\/span>\n\t<\/p>\n<\/div>\n<p><label> N\u00e9v * <\/label><br \/>\n<span class=\"wpcf7-form-control-wrap\" data-name=\"Name\"><input size=\"40\" maxlength=\"400\" class=\"wpcf7-form-control wpcf7-text wpcf7-validates-as-required full-width\" aria-required=\"true\" aria-invalid=\"false\" value=\"\" type=\"text\" name=\"Name\" \/><\/span>\n<\/p>\n<p><label> Ir\u00e1ny\u00edt\u00f3sz\u00e1m * <\/label><br \/>\n<span class=\"wpcf7-form-control-wrap\" data-name=\"ZIP\"><input size=\"40\" maxlength=\"6\" minlength=\"4\" class=\"wpcf7-form-control wpcf7-text wpcf7-validates-as-required full-width\" aria-required=\"true\" aria-invalid=\"false\" value=\"\" type=\"text\" name=\"ZIP\" \/><\/span>\n<\/p>\n<p><label> V\u00e1ros * <\/label><br \/>\n<span class=\"wpcf7-form-control-wrap\" data-name=\"City\"><input size=\"40\" maxlength=\"400\" class=\"wpcf7-form-control wpcf7-text wpcf7-validates-as-required full-width\" aria-required=\"true\" aria-invalid=\"false\" value=\"\" type=\"text\" name=\"City\" \/><\/span>\n<\/p>\n<p><label> C\u00edm * <\/label><br \/>\n<span class=\"wpcf7-form-control-wrap\" data-name=\"Address\"><input size=\"40\" maxlength=\"160\" minlength=\"1\" class=\"wpcf7-form-control wpcf7-text wpcf7-validates-as-required full-width\" aria-required=\"true\" aria-invalid=\"false\" value=\"\" type=\"text\" name=\"Address\" \/><\/span>\n<\/p>\n<p><label> Telefonsz\u00e1m * <\/label><br \/>\n<span class=\"wpcf7-form-control-wrap\" data-name=\"Phone\"><input size=\"40\" maxlength=\"400\" class=\"wpcf7-form-control wpcf7-tel wpcf7-validates-as-required wpcf7-text wpcf7-validates-as-tel\" aria-required=\"true\" aria-invalid=\"false\" placeholder=\"Pl. +00 00 0000000\" value=\"\" type=\"tel\" name=\"Phone\" \/><\/span>\n<\/p>\n<p><label> E-mail * <\/label><br \/>\n<span class=\"wpcf7-form-control-wrap\" data-name=\"your-email\"><input size=\"40\" maxlength=\"400\" class=\"wpcf7-form-control wpcf7-email wpcf7-validates-as-required wpcf7-text wpcf7-validates-as-email full-width\" id=\"email-field\" aria-required=\"true\" aria-invalid=\"false\" value=\"\" type=\"email\" name=\"your-email\" \/><\/span>\n<\/p>\n<p><label> Hibale\u00edr\u00e1s * <\/label><br \/>\n<span class=\"wpcf7-form-control-wrap\" data-name=\"errordescription\"><textarea cols=\"40\" rows=\"10\" maxlength=\"2000\" class=\"wpcf7-form-control wpcf7-textarea wpcf7-validates-as-required full-width\" aria-required=\"true\" aria-invalid=\"false\" name=\"errordescription\"><\/textarea><\/span>\n<\/p>\n<p\/>\n<\/p>\n<p><input class=\"wpcf7-form-control wpcf7-submit has-spinner\" type=\"submit\" value=\"Adatk\u00fcld\u00e9s\" \/>\n<\/p><div class=\"wpcf7-response-output\" aria-hidden=\"true\"><\/div>\n<\/form>\n<\/div>\n[vc_column_text][\/vc_column_text][\/vc_column][vc_column width=&#8221;4\/6&#8243;][vc_column_text]<strong>Az adatok felv\u00e9tele ut\u00e1n:<\/strong><\/p>\n<ol>\n<li>A k\u00e9sz\u00fcl\u00e9k kap egy \u00fan. esetazonos\u00edt\u00f3t, melyet ut\u00f3lag e-mailben elk\u00fcld\u00fcnk \u00d6nnek, mert ha k\u00e9s\u0151bb b\u00e1rmilyen k\u00e9rd\u00e9se lenne a k\u00e9sz\u00fcl\u00e9kkel vagy a jav\u00edt\u00e1ssal kapcsolatban, ez alapj\u00e1n tudjuk visszakeresni az esetet.<\/li>\n<li>Ezut\u00e1n a szervizk\u00f6zpont leadja az adatokat a fut\u00e1rc\u00e9g fel\u00e9, amelyr\u0151l ugyancsak\u00a0 e-mailben \u00e9rtes\u00edt\u00e9st k\u00fcldenek \u201eA collection has been arranged\u201d c\u00edmmel, mely tartalmazza t\u00f6bbek k\u00f6z\u00f6tt az \u00dcgyf\u00e9l \u00e1ltal megadott sz\u00e1ll\u00edt\u00e1si adatokat illetve 2 mell\u00e9kletet (Routing labels: c\u00edmke, Manifests: rakjegyz\u00e9k), melyek a csomag felad\u00e1s\u00e1hoz sz\u00fcks\u00e9gesek.<\/li>\n<li>Az Acer garanci\u00e1lis term\u00e9kek sz\u00e1ll\u00edt\u00e1s\u00e1t a TNT sz\u00e1ll\u00edtm\u00e1nyoz\u00e1si c\u00e9g v\u00e9gzi a szervizk\u00f6zpont \u00e9s az \u00fcgyf\u00e9l k\u00f6z\u00f6tt oda \u00e9s vissza. (A k\u00e9sz\u00fcl\u00e9k sz\u00e1ll\u00edt\u00e1sa garanci\u00e1lis szerviz eset\u00e9n term\u00e9szetesen ingyenes \u00d6nnek.)<\/li>\n<li><strong>K\u00e9rj\u00fck, gondosan csomagolja be a k\u00e9sz\u00fcl\u00e9ket:<\/strong><br \/>\n<em>Annak \u00e9rdek\u00e9ben, hogy berendez\u00e9se biztons\u00e1gosan meg\u00e9rkezzen a szervizk\u00f6zpontba, elengedhetetlen a csomagol\u00e1si elvek betart\u00e1sa: A doboznak kell\u0151en er\u0151snek \u00e9s biztons\u00e1gosnak kell lennie felnyit\u00e1s ellen. Az eszk\u00f6z \u00e9s a tartoz\u00e9kok nem mozoghatnak szabadon a doboz sz\u00e1ll\u00edt\u00e1sakor. Az eszk\u00f6z nem \u00e9rintkezhet k\u00f6zvetlen\u00fcl a doboz belsej\u00e9vel. Abban az esetben, ha az \u00e1ru nincs megfelel\u0151en becsomagolva, az eszk\u00f6z\u00f6n bek\u00f6vetkezett s\u00e9r\u00fcl\u00e9sek\u00e9rt a felad\u00f3 felel, illetve az esetleges k\u00e1rok jav\u00edt\u00e1s\u00e1nak k\u00f6lts\u00e9ge is a felad\u00f3t terheli. Olyan csomagol\u00e1st v\u00e1lasszon, amely el\u00e9g er\u0151s ahhoz, hogy a sz\u00e1ll\u00edt\u00e1st kib\u00edrja. Ha lehets\u00e9ges, haszn\u00e1ljon \u00faj dobozt. Az \u00fajrahasznos\u00edtott doboz elveszti v\u00e9d\u0151 tulajdons\u00e1gait. A doboz minden r\u00e9sz\u00e9nek s\u00e9rtetlennek kell lennie, nem lehetnek rajta reped\u00e9sek, hib\u00e1k vagy s\u00e9r\u00fclt sarkok. A doboznak el\u00e9g nagynak kell lennie ahhoz, hogy be tudja z\u00e1rni a k\u00e9sz\u00fcl\u00e9ket \u00e9s lefedje azt. Haszn\u00e1ljon megfelel\u0151 csomagol\u00f3anyagot a csomag tartalm\u00e1nak kib\u00e9lel\u00e9s\u00e9hez. Ne sp\u00f3roljon a csomagol\u00f3anyaggal \u00e9s a r\u00f6gz\u00edt\u0151anyaggal. Min\u00e9l t\u00f6bbet haszn\u00e1l, ann\u00e1l jobban megv\u00e9dheti a term\u00e9ket a s\u00e9r\u00fcl\u00e9sekt\u0151l. A tartalom nem \u00e9rintkezhet k\u00f6zvetlen\u00fcl a sz\u00e1ll\u00edt\u00f3doboz belsej\u00e9vel. A csomagol\u00f3anyagot legal\u00e1bb 5 cm-re el kell v\u00e1lasztani a doboz minden fal\u00e1t\u00f3l. A t\u00e1rgyakat nem szabad laz\u00e1n hagyni a dobozban. A berendez\u00e9ssel egy\u00fctt csomagolt \u00f6sszes tartoz\u00e9kot elmozdul\u00e1s ellen v\u00e9deni kell. Csomagol\u00f3- \u00e9s r\u00f6gz\u00edt\u0151anyagk\u00e9nt haszn\u00e1ljon bubor\u00e9kf\u00f3li\u00e1t, hull\u00e1mkartont, polisztirolt stb. A nem megfelel\u0151 p\u00e1rn\u00e1z\u00f3 anyagok k\u00f6z\u00e9 tartoznak a ruh\u00e1k, takar\u00f3k, t\u00f6r\u00f6lk\u00f6z\u0151k, \u00fajs\u00e1gok \u00e9s p\u00e1rn\u00e1k. A term\u00e9k eredeti csomagol\u00e1sa csak a k\u00fcls\u0151 (karton) csomagol\u00e1ssal egy\u00fctt t\u00f6lti be a sz\u00e1ll\u00edt\u00e1si v\u00e9d\u0151 funkci\u00f3t. Ha az eredeti kereskedelmi csomagol\u00e1st haszn\u00e1lja, helyezze nagyobb dobozba, \u00e9s biztos\u00edtsa elmozdul\u00e1s ellen.<\/em><\/li>\n<li>Csatolja a term\u00e9k garancialevel\u00e9t \u00e9s a v\u00e1s\u00e1rl\u00e1st igazol\u00f3 sz\u00e1mlam\u00e1solatot, valamint a becsomagolt tartoz\u00e9kok list\u00e1j\u00e1t, a csomagra pedig ragassza fel a TNT-t\u0151l e-mailben kapott \u00e9s 1 p\u00e9ld\u00e1nyban kinyomtatott c\u00edmk\u00e9t.<\/li>\n<li>Az \u00d6n \u00e1ltal leadott c\u00edmen a TNT fut\u00e1rja \u00e1tveszi a csomagot, al\u00e1\u00edrja a kinyomtatott rakjegyz\u00e9k egyik p\u00e9ld\u00e1ny\u00e1t (a m\u00e1sik p\u00e9ld\u00e1ny a fut\u00e1rn\u00e1l marad).<\/li>\n<li>Amikor a k\u00e9sz\u00fcl\u00e9k meg\u00e9rkezik szervizk\u00f6zpontunkba, illetve amikor a jav\u00edt\u00e1s befejez\u0151d\u00f6tt, e-mail vagy telefonos \u00e9rtes\u00edt\u00e9st fog kapni. A jav\u00edt\u00e1s befejezt\u00e9vel a TNT visszasz\u00e1ll\u00edtja \u00d6nnek a k\u00e9sz\u00fcl\u00e9ket arra a c\u00edmre, ahonnan azt elhozta. A jav\u00edt\u00e1s \u00e1llapot\u00e1val kapcsolatban az <a href=\"mailto:acer@rikvest.hu\" target=\"_blank\" rel=\"noopener\"><strong>acer@rikvest.hu<\/strong><\/a> email cimen, illetve munkaid\u0151ben m\u00e9g \u00a0a <strong><a href=\"tel:+36 30 347 5657\"> +36 30 347 5657<\/a><\/strong> telefonsz\u00e1mon tud \u00e9rdekl\u0151dni (Sorozatsz\u00e1m, SNID vagy a kor\u00e1bban e-mailben megkapott esetazonos\u00edt\u00f3 megad\u00e1s\u00e1val). A sz\u00e1ll\u00edt\u00e1ssal kapcsolatban a <a href=\"https:\/\/www.tnt.com\/express\/hu_hu\/site\/support.html\" target=\"_blank\" rel=\"noopener\">TNT \u00fcgyf\u00e9lszolg\u00e1lata<\/a> tud b\u0151vebb felvil\u00e1gos\u00edt\u00e1st adni, vagy az \u00e1ltalunk megjav\u00edtott \u00e9s feladott k\u00e9sz\u00fcl\u00e9k\u00e9t <a title=\"Nyomon k\u00f6vet\u00e9s\" href=\"https:\/\/www.tnt.com\/express\/hu_hu\/site\/shipping-tools\/tracking.html\" target=\"_blank\" rel=\"noopener\">nyomon is k\u00f6vetheti <\/a>a TNT \u00e1ltal e-mail-ben k\u00fcld\u00f6tt fuvarlev\u00e9lsz\u00e1m alapj\u00e1n.<\/li>\n<\/ol>\n<p>[\/vc_column_text][\/vc_column][\/vc_row]<\/p>\n<\/section>","protected":false},"excerpt":{"rendered":"<p>[vc_row][vc_column][vc_column_text] K\u00f6sz\u00f6nj\u00fck, hogy az Acer term\u00e9k\u00e9t v\u00e1lasztotta! Az Acer garancia csak a hardverhib\u00e1kra vonatkozik, a szoftverek telep\u00edt\u00e9s\u00e9b\u0151l ad\u00f3d\u00f3 hib\u00e1kra nem terjed ki. Az Acer tov\u00e1bb\u00e1 nem v\u00e1llal felel\u0151ss\u00e9get az adatveszt\u00e9sekb\u0151l sz\u00e1rmaz\u00f3 k\u00e1rok\u00e9rt. Az adatok biztons\u00e1gi ment\u00e9s\u00e9\u00e9rt minden esetben a felhaszn\u00e1l\u00f3 felel\u0151s. A r\u00e9szletek\u00e9rt k\u00e9rj\u00fck, tanulm\u00e1nyozza \u00e1t a term\u00e9k garanciajegy\u00e9t. Garanci\u00e1ra vonatkoz\u00f3 hivatalos inform\u00e1ci\u00f3 Garancia lej\u00e1rati [&hellip;]<\/p>\n","protected":false},"author":1,"featured_media":0,"parent":0,"menu_order":0,"comment_status":"closed","ping_status":"closed","template":"","meta":{"om_disable_all_campaigns":false,"_monsterinsights_skip_tracking":false,"_monsterinsights_sitenote_active":false,"_monsterinsights_sitenote_note":"","_monsterinsights_sitenote_category":0,"footnotes":""},"class_list":["post-1887","page","type-page","status-publish","hentry"],"aioseo_notices":[],"_links":{"self":[{"href":"https:\/\/rikvest.hu\/index.php\/wp-json\/wp\/v2\/pages\/1887","targetHints":{"allow":["GET"]}}],"collection":[{"href":"https:\/\/rikvest.hu\/index.php\/wp-json\/wp\/v2\/pages"}],"about":[{"href":"https:\/\/rikvest.hu\/index.php\/wp-json\/wp\/v2\/types\/page"}],"author":[{"embeddable":true,"href":"https:\/\/rikvest.hu\/index.php\/wp-json\/wp\/v2\/users\/1"}],"replies":[{"embeddable":true,"href":"https:\/\/rikvest.hu\/index.php\/wp-json\/wp\/v2\/comments?post=1887"}],"version-history":[{"count":88,"href":"https:\/\/rikvest.hu\/index.php\/wp-json\/wp\/v2\/pages\/1887\/revisions"}],"predecessor-version":[{"id":2246,"href":"https:\/\/rikvest.hu\/index.php\/wp-json\/wp\/v2\/pages\/1887\/revisions\/2246"}],"wp:attachment":[{"href":"https:\/\/rikvest.hu\/index.php\/wp-json\/wp\/v2\/media?parent=1887"}],"curies":[{"name":"wp","href":"https:\/\/api.w.org\/{rel}","templated":true}]}}