{"id":1688,"date":"2017-04-28T06:28:07","date_gmt":"2017-04-28T06:28:07","guid":{"rendered":"https:\/\/demo.brothersthemes.com\/comrepair\/?page_id=7"},"modified":"2025-02-04T13:28:01","modified_gmt":"2025-02-04T11:28:01","slug":"about-us","status":"publish","type":"page","link":"https:\/\/rikvest.hu\/index.php\/about-us\/","title":{"rendered":"R\u00f3lunk"},"content":{"rendered":"<section class=\"wpb-content-wrapper\"><p>[vc_row][vc_column][vc_column_text]<\/p>\n<h3 style=\"text-align: center;\"><strong>A<\/strong> <span style=\"color: #83b81a;\"><strong>Rikv<\/strong><em>est<\/em> Kft.<\/span> <strong>bemutat\u00e1sa<\/strong><\/h3>\n<hr \/>\n<p><strong>\u00a0<\/strong><a name=\"_Toc37758600\"><\/a>A <strong>Rikv<\/strong><em>est<\/em> Kft.-t 1993-ban a tulajdonosok azzal a c\u00e9llal hozt\u00e1k l\u00e9tre, hogy egy olyan megb\u00edzhat\u00f3 szervizh\u00e1tteret biztos\u00edtsanak gy\u00e1rt\u00f3kt\u00f3l \u00e9s sz\u00e1ll\u00edt\u00f3kt\u00f3l f\u00fcggetlen\u00fcl, amely k\u00e9pes az \u00e9les piaci versenyben r\u00e9sztvev\u0151 gy\u00e1rt\u00f3k informatikai eszk\u00f6zeit hat\u00e9konyan \u00e9s magas sz\u00ednvonalon t\u00e1mogatni, jav\u00edtani. Ebb\u0151l ad\u00f3d\u00f3an a c\u00e9g m\u0171k\u00f6d\u00e9se alatt sz\u00e1mos gy\u00e1rt\u00f3 term\u00e9keit fedte m\u00e1r le orsz\u00e1gos szinten, \u00e9ppen az\u00e9rt, hogy a vegyes k\u00f6rnyezetben m\u0171k\u00f6d\u0151 v\u00e1llalatok sz\u00e1m\u00e1ra is teljes k\u00f6r\u0171 szolg\u00e1ltat\u00e1s legyen el\u00e9rhet\u0151. Az elm\u00falt t\u00f6bb mint 30 \u00e9v alatt c\u00e9g\u00fcnk szervizh\u00e1tteret biztos\u00edtott m\u00e1r olyan nagyv\u00e1llalatok teljes term\u00e9kpalett\u00e1j\u00e1nak, mint az Acer, Asus, Calcomp, Compaq, Epson, Fujitsu Siemens, HP, IBM, Lenovo, LG, Medion, MSi, Sony, Tulip. Ez\u00e1ltal c\u00e9g\u00fcnk az elm\u00falt 30 \u00e9v sor\u00e1n rengeteg tapasztalatra tett szert asztali PC-k, laptopok, szerverek, projektorok, szkennerek \u00e9s nyomtat\u00f3k tekintet\u00e9ben. A <strong>Rikv<\/strong><em>est<\/em> Kft. ennek is k\u00f6sz\u00f6nhet\u0151en t\u00f6bbf\u00e9le nyomtat\u00f3t\u00edpus jav\u00edt\u00e1s\u00e1nak a ter\u00fclet\u00e9n is otthonosan mozog, ide\u00e9rtve a tintasugaras nyomtat\u00f3kat, l\u00e9zernyomtat\u00f3kat, m\u00e1trix nyomtat\u00f3kat \u00e9s h\u0151transzfer nyomtat\u00f3kat.<\/p>\n<p>A szerviz szolg\u00e1ltat\u00e1sokon k\u00edv\u00fcl a <strong>Rikv<\/strong><em>est<\/em> Kft. IT \u00fczemeltet\u00e9ssel \u00e9s IT eszk\u00f6z\u00f6k v\u00e1ltoz\u00e1s kezel\u00e9s\u00e9vel is foglalkozik. A c\u00e9g szolg\u00e1ltatott m\u00e1r t\u00f6bb nagyobb v\u00e1llalatnak is, mit p\u00e9ld\u00e1ul; Magyar Telekom, MOL \u00e9s Nike. Jelenleg is szolg\u00e1ltatunk Magyarorsz\u00e1g egyik legnagyobb bankh\u00e1l\u00f3zatnak, a Takko ruha\u00e1ruh\u00e1z l\u00e1ncnak \u00e9s a Honeywell termel\u0151\u00fczem\u00e9nek \u00e9s irodah\u00e1z\u00e1nak.<\/p>\n<p>A <strong>Rikv<\/strong><em>est<\/em> Kft. m\u0171k\u00f6d\u00e9se kezdet\u00e9t\u0151l fogva kifejezetten a szervizszolg\u00e1ltat\u00e1sok \u00e9s \u00fczemeltet\u00e9si szolg\u00e1ltat\u00e1sok magas sz\u00ednvonal\u00fa ell\u00e1t\u00e1s\u00e1ra koncentr\u00e1l. C\u00e9g\u00fcnk ISO min\u0151s\u00edt\u00e9ssel rendelkezik.<\/p>\n<p><strong>Szolg\u00e1ltat\u00e1saink<\/strong><\/p>\n<ul>\n<li><strong>\u00c1tal\u00e1nyd\u00edjas szervizszolg\u00e1ltat\u00e1s<\/strong><\/li>\n<\/ul>\n<p>Emelt szint\u0171 szerviz szolg\u00e1ltat\u00e1s, ak\u00e1r az orsz\u00e1g teljes ter\u00fclet\u00e9n helysz\u00edni kisz\u00e1ll\u00e1ssal, magas rendelkez\u00e9sre \u00e1ll\u00e1ssal (pl. 5&#215;8;7&#215;8;7&#215;24), garant\u00e1lt v\u00e1laszid\u0151vel \u00e9s hibaelh\u00e1r\u00edt\u00e1ssal. Nagy mennyis\u00e9g\u0171 eszk\u00f6zpark eset\u00e9n Internetes Helpdesk haszn\u00e1lat \u00e9s folyamatk\u00f6vet\u00e9s. A szolg\u00e1ltat\u00e1sba bevonhat\u00f3ak a szerverek, munka\u00e1llom\u00e1sok, \u00e9s nyomtat\u00f3k. A hibajav\u00edt\u00e1st v\u00e9gz\u0151 szakembereink a legnagyobb tud\u00e1ssal \u00e9s gyakorlattal rendelkeznek.<\/p>\n<ul>\n<li><strong>Internetes helpdesk rendszer<\/strong><\/li>\n<\/ul>\n<p>A szervizszolg\u00e1ltat\u00e1sok hat\u00e9kony ell\u00e1t\u00e1sa \u00e9s a hibaelh\u00e1r\u00edt\u00e1s nyomon k\u00f6vet\u00e9se \u00e9rdek\u00e9ben egy saj\u00e1t fejleszt\u00e9s\u0171 \u00fcgyk\u00f6vet\u0151 rendszer \u00e1ll a rendelkez\u00e9s\u00fcnkre, amely k\u00e9pes az \u00fcgyfelekt\u0151l \u00e9rkez\u0151 bejelent\u00e9sek fogad\u00e1s\u00e1ra, a teljes hibaelh\u00e1r\u00edt\u00e1si folyamat dokument\u00e1l\u00e1s\u00e1ra, \u00e9s minden \u00e9rintett &#8211; bele\u00e9rtve az \u00fcgyfelet is \u2013 val\u00f3s id\u0151ben t\u00e1j\u00e9koz\u00f3dhat a hibaelh\u00e1r\u00edt\u00e1s \u00e1llapot\u00e1r\u00f3l, vagy lez\u00e1r\u00e1s\u00e1r\u00f3l.<\/p>\n<ul>\n<li><strong>Emelt szint\u0171 rendelkez\u00e9sre \u00e1ll\u00e1s (7&#215;24 \u00f3ra)<\/strong><\/li>\n<\/ul>\n<p>A szerz\u0151d\u00e9ses partnereink sz\u00e1m\u00e1ra biztos\u00edtunk el\u0151re meghat\u00e1rozott eszk\u00f6zparkra, a h\u00e9t minden napj\u00e1n 24 \u00f3r\u00e1ban egy t\u00f6bbszint\u0171 \u00fcgyeleti rendszert, amely lehet\u0151v\u00e9 teszi a hibabejelent\u00e9sek fogad\u00e1s\u00e1t, azok kvalifik\u00e1ci\u00f3j\u00e1t \u00e9s gyors elh\u00e1r\u00edt\u00e1s\u00e1t.<\/p>\n<p>A Rikvest Kft. k\u00e9pes on-site t\u00e1mogat\u00e1st ny\u00fajtani k\u00fcl\u00f6nb\u00f6z\u0151 jav\u00edt\u00e1si id\u0151k\u00f6n \u2013ak\u00e1r 2 \u00f3r\u00e1n- bel\u00fcl, teljes id\u0151ben, az \u00e9v 365 napj\u00e1n.<\/p>\n<ul>\n<li><strong>Orsz\u00e1gos szervizh\u00e1l\u00f3zat<\/strong><\/li>\n<\/ul>\n<p>A Rikvest Kft. rendelkezik az eg\u00e9sz orsz\u00e1got lefed\u0151 szervizh\u00e1l\u00f3zattal, amely k\u00e9pes orsz\u00e1gos lefedetts\u00e9g\u0171 szervizszerz\u0151d\u00e9sek teljes\u00edt\u00e9s\u00e9re, illetve egyedi projektek megval\u00f3s\u00edt\u00e1s\u00e1ra.<\/p>\n<ul>\n<li><strong>Szervizell\u00e1t\u00e1s perif\u00e9ri\u00e1ra<\/strong><\/li>\n<\/ul>\n<p>Irodai c\u00e9l\u00fa nyomtat\u00f3k \u00e1tal\u00e1nyd\u00edjas \u00e9s eseti szervizel\u00e9se garancia id\u0151n bel\u00fcl \u00e9s azt k\u00f6vet\u0151en.<\/p>\n<ul>\n<li><strong>Informatikai eszk\u00f6z\u00f6k v\u00e1ltoz\u00e1skezel\u00e9se<\/strong><\/li>\n<\/ul>\n<p>\u00dcgyfeleinkn\u00e9l \u00fczemel\u0151 informatikai eszk\u00f6z\u00f6k v\u00e1ltoz\u00e1skezel\u00e9se, valamint VIP szolg\u00e1ltat\u00e1s. A VIP szolg\u00e1ltat\u00e1s keret\u00e9ben rendk\u00edv\u00fcl magas SLA szinteket v\u00e1llalunk.<\/p>\n<ul>\n<li><a name=\"_Toc37758601\"><\/a><strong>Irodai informatikai k\u00f6rnyezet kialak\u00edt\u00e1sa \u00e9s \u00fczemeltet\u00e9se<\/strong><\/li>\n<\/ul>\n<p>\u00daj iroda kialak\u00edt\u00e1sa \u00e9s informatikai konszolid\u00e1ci\u00f3 eset\u00e9n seg\u00edts\u00e9get ny\u00fajtunk a hat\u00e9konys\u00e1g \u00e9s kiad\u00e1sok szempontj\u00e1b\u00f3l egyar\u00e1nt legoptim\u00e1lisabb informatikai k\u00f6rnyezet kialak\u00edt\u00e1s\u00e1ban \u00e9s annak folyamatos monitoroz\u00e1s\u00e1ban.<\/p>\n<ul>\n<li><strong>Nyomtat\u00e1si k\u00f6rnyezet \u00fczemeltet\u00e9se \u00e9s fel\u00fcgyelete<\/strong><\/li>\n<\/ul>\n<p>\u00dcgyfeleink k\u00e9r\u00e9s\u00e9re c\u00e9g\u00fcnk on-site, \u00e9s t\u00e1volr\u00f3l egyar\u00e1nt fel\u00fcgyeli az \u00fcgyf\u00e9l nyomtat\u00e1si ig\u00e9nyeit, \u00e9s ennek megfelel\u0151en \u00fctemezi a kell\u00e9kanyagok beszerz\u00e9s\u00e9t \u00e9s a rendszeres karbantart\u00e1st.<\/p>\n<ul>\n<li><strong>Munka\u00e1llom\u00e1sok szoftveres \u00fczemeltet\u00e9se \u00e9s fel\u00fcgyelete<\/strong><\/li>\n<\/ul>\n<p>Az \u00fcgyf\u00e9l informatikai k\u00f6rnyezet\u00e9nek folyamatos \u00e9s z\u00f6kken\u0151mentes m\u0171k\u00f6d\u00e9s\u00e9nek \u00e9rdek\u00e9ben a felmer\u00fcl\u0151 ig\u00e9nyeknek megfelel\u0151 rendszeress\u00e9g\u0171 szoftveres karbantart\u00e1st \u00e9s v\u00edrusirt\u00e1st v\u00e9gz\u00fcnk.<\/p>\n<ul>\n<li><strong>Munka\u00e1llom\u00e1sok \u00e9s notebook-ok adatainak automatikus k\u00f6zponti ment\u00e9se<\/strong><\/li>\n<\/ul>\n<p>A v\u00e1llalkoz\u00e1sok adatainak ment\u00e9se elengedhetetlen\u00fcl fontos, erre a k\u00f6zponti szerverre t\u00f6rt\u00e9n\u0151, rendszeres, automatikus adatment\u00e9s megfelel\u0151 megold\u00e1st ny\u00fajt.<\/p>\n<ul>\n<li><strong>Online kamerarendszerek ki\u00e9p\u00edt\u00e9se \u00e9s \u00fczemeltet\u00e9se<\/strong><\/li>\n<\/ul>\n<p>Vezet\u00e9k n\u00e9lk\u00fcli h\u00e1l\u00f3zaton m\u0171k\u00f6d\u0151 biztons\u00e1gi kamer\u00e1k telep\u00edt\u00e9s\u00e9vel egyszer\u0171en \u00e9s biztons\u00e1gosan megoldhat\u00f3 az \u00fcgyf\u00e9l tulajdon\u00e1nak v\u00e9delme. A rendszer a be\u00e1ll\u00edtott id\u0151tartamon bel\u00fcl minden kamera k\u00e9p\u00e9t menti, hogy esetleges probl\u00e9ma felmer\u00fcl\u00e9se eset\u00e9n visszan\u00e9zhet\u0151 legyen.<\/p>\n<ul>\n<li><strong>Weboldalak \u00e9s Webshopok l\u00e9trehoz\u00e1sa, karbantart\u00e1sa, \u00e1talak\u00edt\u00e1sa \u00e9s \u00fczemeltet\u00e9se<\/strong><\/li>\n<\/ul>\n<p>A kisv\u00e1llalkoz\u00e1sok m\u0171k\u00f6d\u00e9s\u00e9hez elengedhetetlen\u00fcl sz\u00fcks\u00e9ges weboldalt az \u00fcgyf\u00e9l ig\u00e9nyeinek megfelel\u0151en tervezz\u00fck meg \u00e9s alak\u00edtjuk ki. Online boltok kialak\u00edt\u00e1sa \u00e9s folyamatos menedzsel\u00e9se.<\/p>\n<ul>\n<li><strong>Felh\u0151 alap\u00fa irodai informatikai rendszerek l\u00e9trehoz\u00e1sa \u00e9s \u00fczemeltet\u00e9se<\/strong><\/li>\n<\/ul>\n<p>Az \u00fcgyf\u00e9l k\u00e9r\u00e9s\u00e9re l\u00e9trehozunk a Microsoft felh\u0151 alap\u00fa megold\u00e1sain alapul\u00f3 komplett (Office, stb.) kisv\u00e1llalati rendszereket.<\/p>\n<ul>\n<li><strong>Egyedi szoftverek fejleszt\u00e9se<\/strong><\/li>\n<\/ul>\n<p>Az \u00fcgyf\u00e9l ig\u00e9nyeinek megfelel\u0151 egyedi szoftverek kifejleszt\u00e9se \u00e9s illeszt\u00e9se.<\/p>\n<p><strong>Referenci\u00e1ink k\u00f6z\u00f6tt egyar\u00e1nt megtal\u00e1lhat\u00f3ak kis- \u00e9s k\u00f6z\u00e9pv\u00e1llalkoz\u00e1sok, illetve nagyv\u00e1llatok is: <\/strong><\/p>\n<ul>\n<li><strong>All-In-Service Kft. \u2013 <\/strong>notebookok \u00e9s nyomtat\u00f3k szervizel\u00e9se \u00e9s v\u00e1ltoz\u00e1skezel\u00e9se<\/li>\n<li><strong>Butiq Agency Kft. \u2013 <\/strong>notebookok \u00e9s nyomtat\u00f3k szervizel\u00e9se \u00e9s v\u00e1ltoz\u00e1skezel\u00e9se<\/li>\n<li><strong>MOL csoport tagjaival \u00f6sszef\u00fcgg\u0151 \u00fczleti kapcsolatok<\/strong>\n<ul>\n<li>Szerver infrastrukt\u00fara emelt szint\u0171 hibaelh\u00e1r\u00edt\u00e1sa \u00e9s karbantart\u00e1sa<\/li>\n<li>Nem garanci\u00e1lis IT eszk\u00f6z\u00f6k jav\u00edt\u00e1sa<\/li>\n<li>Service Manager 9 szoftver egyedi t\u00e1mogat\u00e1sa<\/li>\n<\/ul>\n<\/li>\n<li><strong>e-Best Kft. \u2013 <\/strong>notebookok szervizel\u00e9se<\/li>\n<li><strong>CSF-Group Kft.\u2013 <\/strong>nyomtat\u00f3k karbantart\u00e1sa \u00e9s jav\u00edt\u00e1sa<\/li>\n<li><strong>R-Invest Team Kft. \u2013 <\/strong>notebookok szervizel\u00e9se<\/li>\n<li><strong>Erste Bank Hungary ZRt.<\/strong>\n<ul>\n<li>A bank teljes fi\u00f3kh\u00e1l\u00f3zat\u00e1ban \u00e9s a k\u00f6zpontokban \u00fczemel\u0151 informatikai eszk\u00f6z\u00f6k \u00fczemeltet\u00e9se, hibajav\u00edt\u00e1sa \u00e9s v\u00e1ltoz\u00e1skezel\u00e9se<\/li>\n<li>K\u00f6zponti telephelyen VIP szolg\u00e1ltat\u00e1s \u00e9s rakt\u00e1rkezel\u00e9s<\/li>\n<\/ul>\n<\/li>\n<li><strong>RPSCOM Kft. \u2013 <\/strong>notebookok, PC-k \u00e9s monitorok szervizel\u00e9se<\/li>\n<li><strong>ESP Global Services LTD.<\/strong>\n<ul>\n<li>Honeywell nagykanizsai termel\u0151\u00fczem\u00e9nek \u00e9s budapesti irodah\u00e1z\u00e1nak IT \u00fczemeltet\u00e9se<\/li>\n<li>Nike \u00fczleth\u00e1l\u00f3zat IT support<\/li>\n<li>Pandora \u00fczleth\u00e1l\u00f3zat IT support<\/li>\n<\/ul>\n<\/li>\n<li><strong>ROWIUS GmbH.<\/strong>\n<ul>\n<li>TAKKO orsz\u00e1gos bolth\u00e1l\u00f3zat &#8211; h\u00e1l\u00f3zati infrastrukt\u00fara \u00fczemeltet\u00e9se \u00e9s jav\u00edt\u00e1sa<\/li>\n<li>Helysz\u00ednek sz\u00e1ma: 58<\/li>\n<\/ul>\n<\/li>\n<\/ul>\n<p>[\/vc_column_text][vc_separator border_width=&#8221;2&#8243;][vc_column_text]<\/p>\n<h3 style=\"text-align: center;\"><span style=\"color: #83b81a;\">Acer <\/span>m\u00e1rkaszerviz &#8211; Hivatalos szervizszolg\u00e1ltat\u00e1sok az <span style=\"color: #83b81a;\">Acer <\/span>term\u00e9kekhez<\/h3>\n<p>2025.janu\u00e1r 1-j\u00e9t\u0151l c\u00e9g\u00fcnk hivatalosan is az <strong>Acer<\/strong> m\u00e1rkaszervizek\u00e9nt m\u0171k\u00f6dik, \u00edgy mostant\u00f3l minden Acer term\u00e9kkel kapcsolatos szervizszolg\u00e1ltat\u00e1st az eredeti gy\u00e1rt\u00f3 \u00e1ltal biztos\u00edtott szak\u00e9rtelemmel \u00e9s min\u0151s\u00e9gi alkatr\u00e9szek felhaszn\u00e1l\u00e1s\u00e1val v\u00e9gezz\u00fck. Szolg\u00e1ltat\u00e1saink kiterjednek az <strong>Acer laptopok<\/strong>, <strong>PC-k<\/strong>, <strong>tabletek<\/strong>, <strong>monitorok<\/strong>, <strong>projektorok<\/strong> \u00e9s <strong>e-rollerek<\/strong> teljes k\u00f6r\u0171 jav\u00edt\u00e1s\u00e1ra, legyen sz\u00f3 j\u00f3t\u00e1ll\u00e1sos vagy j\u00f3t\u00e1ll\u00e1si id\u0151n t\u00fali hib\u00e1k elh\u00e1r\u00edt\u00e1s\u00e1r\u00f3l.<\/p>\n<p>Szerviz\u00fcnk c\u00e9lja, hogy \u00fcgyfeleinknek gyors, megb\u00edzhat\u00f3 \u00e9s hat\u00e9kony megold\u00e1sokat k\u00edn\u00e1ljunk, biztos\u00edtva a gy\u00e1rt\u00f3i el\u0151\u00edr\u00e1soknak megfelel\u0151 legmagasabb szint\u0171 min\u0151s\u00e9get. Az Acer k\u00e9sz\u00fcl\u00e9kek jav\u00edt\u00e1s\u00e1t szak\u00e9rt\u0151 technikusok v\u00e9gzik, akik folyamatosan k\u00e9pzik magukat, hogy naprak\u00e9szen k\u00f6vess\u00e9k az \u00faj technol\u00f3giai fejleszt\u00e9seket \u00e9s az Acer term\u00e9kek leg\u00fajabb innov\u00e1ci\u00f3it. Minden jav\u00edt\u00e1st az Acer \u00e1ltal aj\u00e1nlott eredeti alkatr\u00e9szek felhaszn\u00e1l\u00e1s\u00e1val v\u00e9gz\u00fcnk, hogy biztos\u00edtani tudjuk a k\u00e9sz\u00fcl\u00e9kek hossz\u00fa t\u00e1v\u00fa megb\u00edzhat\u00f3s\u00e1g\u00e1t \u00e9s teljes\u00edtm\u00e9ny\u00e9t.<\/p>\n<p>Ha Acer k\u00e9sz\u00fcl\u00e9ke meghib\u00e1sodott, mi seg\u00edt\u00fcnk! Legyen sz\u00f3 hardveres vagy szoftveres probl\u00e9m\u00e1r\u00f3l, a garanci\u00e1lis id\u0151szak lej\u00e1rta ut\u00e1n is sz\u00edvesen \u00e1llunk rendelkez\u00e9s\u00e9re, \u00e9s v\u00e1llaljuk a k\u00fcl\u00f6nf\u00e9le alkatr\u00e9szek cser\u00e9j\u00e9t, karbantart\u00e1s\u00e1t, valamint a sz\u00fcks\u00e9ges szoftverfriss\u00edt\u00e9seket. Mindezek mellett gyors \u00e9s k\u00e9nyelmes \u00fcgyint\u00e9z\u00e9st biztos\u00edtunk, hogy \u00d6nnek ne kelljen \u00f3r\u00e1kig v\u00e1rakoznia.<\/p>\n<p><strong>Az Acerr\u0151l<\/strong><\/p>\n<p>Az 1976-ban alap\u00edtott Acer a vil\u00e1g egyik vezet\u0151 ICT-v\u00e1llalata, amely t\u00f6bb mint 160 orsz\u00e1gban van jelen. Ahogy az Acer az ipar\u00e1ggal \u00e9s a v\u00e1ltoz\u00f3 \u00e9letm\u00f3ddal egy\u00fctt fejl\u0151dik, egy olyan vil\u00e1g megteremt\u00e9s\u00e9re \u00f6sszpontos\u00edt, ahol a hardver, a szoftver \u00e9s a szolg\u00e1ltat\u00e1sok \u00f6sszeolvadnak egym\u00e1ssal, \u00f6kosziszt\u00e9m\u00e1kat hozva l\u00e9tre, \u00faj lehet\u0151s\u00e9geket nyitva meg a fogyaszt\u00f3k \u00e9s a v\u00e1llalkoz\u00e1sok sz\u00e1m\u00e1ra egyar\u00e1nt. Az Acer 7.700 alkalmazottja elk\u00f6telezett az emberek \u00e9s a technol\u00f3gia k\u00f6z\u00f6tti korl\u00e1tokat \u00e1tt\u00f6r\u0151 term\u00e9kek \u00e9s megold\u00e1sok kutat\u00e1sa, tervez\u00e9se, marketingje, \u00e9rt\u00e9kes\u00edt\u00e9se \u00e9s t\u00e1mogat\u00e1sa mellett. Tov\u00e1bbi inform\u00e1ci\u00f3\u00e9rt l\u00e1togasson el a <a href=\"https:\/\/www.acer.com\/hu-hu\" target=\"_blank\" rel=\"noopener\">www.acer.com <\/a>oldalra.[\/vc_column_text][\/vc_column][\/vc_row]<\/p>\n<\/section>","protected":false},"excerpt":{"rendered":"<p>[vc_row][vc_column][vc_column_text] A Rikvest Kft. bemutat\u00e1sa \u00a0A Rikvest Kft.-t 1993-ban a tulajdonosok azzal a c\u00e9llal hozt\u00e1k l\u00e9tre, hogy egy olyan megb\u00edzhat\u00f3 szervizh\u00e1tteret biztos\u00edtsanak gy\u00e1rt\u00f3kt\u00f3l \u00e9s sz\u00e1ll\u00edt\u00f3kt\u00f3l f\u00fcggetlen\u00fcl, amely k\u00e9pes az \u00e9les piaci versenyben r\u00e9sztvev\u0151 gy\u00e1rt\u00f3k informatikai eszk\u00f6zeit hat\u00e9konyan \u00e9s magas sz\u00ednvonalon t\u00e1mogatni, jav\u00edtani. Ebb\u0151l ad\u00f3d\u00f3an a c\u00e9g m\u0171k\u00f6d\u00e9se alatt sz\u00e1mos gy\u00e1rt\u00f3 term\u00e9keit fedte m\u00e1r le orsz\u00e1gos [&hellip;]<\/p>\n","protected":false},"author":1,"featured_media":0,"parent":0,"menu_order":0,"comment_status":"closed","ping_status":"closed","template":"","meta":{"om_disable_all_campaigns":false,"_monsterinsights_skip_tracking":false,"_monsterinsights_sitenote_active":false,"_monsterinsights_sitenote_note":"","_monsterinsights_sitenote_category":0,"footnotes":""},"class_list":["post-1688","page","type-page","status-publish","hentry"],"aioseo_notices":[],"_links":{"self":[{"href":"https:\/\/rikvest.hu\/index.php\/wp-json\/wp\/v2\/pages\/1688","targetHints":{"allow":["GET"]}}],"collection":[{"href":"https:\/\/rikvest.hu\/index.php\/wp-json\/wp\/v2\/pages"}],"about":[{"href":"https:\/\/rikvest.hu\/index.php\/wp-json\/wp\/v2\/types\/page"}],"author":[{"embeddable":true,"href":"https:\/\/rikvest.hu\/index.php\/wp-json\/wp\/v2\/users\/1"}],"replies":[{"embeddable":true,"href":"https:\/\/rikvest.hu\/index.php\/wp-json\/wp\/v2\/comments?post=1688"}],"version-history":[{"count":30,"href":"https:\/\/rikvest.hu\/index.php\/wp-json\/wp\/v2\/pages\/1688\/revisions"}],"predecessor-version":[{"id":2262,"href":"https:\/\/rikvest.hu\/index.php\/wp-json\/wp\/v2\/pages\/1688\/revisions\/2262"}],"wp:attachment":[{"href":"https:\/\/rikvest.hu\/index.php\/wp-json\/wp\/v2\/media?parent=1688"}],"curies":[{"name":"wp","href":"https:\/\/api.w.org\/{rel}","templated":true}]}}